{"id":750,"date":"2018-02-08T14:07:07","date_gmt":"2018-02-08T14:07:07","guid":{"rendered":"https:\/\/drmoyaangeler.com\/sobre-mi\/"},"modified":"2020-07-07T10:57:26","modified_gmt":"2020-07-07T10:57:26","slug":"about-me","status":"publish","type":"page","link":"https:\/\/drmoyaangeler.com\/en\/about-me\/","title":{"rendered":"About me"},"content":{"rendered":"<div class=\"wpb-content-wrapper\"><p>[vc_row css_animation=&#8221;&#8221; row_type=&#8221;row&#8221; use_row_as_full_screen_section=&#8221;no&#8221; type=&#8221;full_width&#8221; angled_section=&#8221;no&#8221; text_align=&#8221;left&#8221; background_image_as_pattern=&#8221;without_pattern&#8221;][vc_column][rev_slider_vc alias=&#8221;sobre-mi&#8221;][\/vc_column][\/vc_row][vc_row css_animation=&#8221;&#8221; row_type=&#8221;row&#8221; use_row_as_full_screen_section=&#8221;no&#8221; type=&#8221;grid&#8221; angled_section=&#8221;no&#8221; text_align=&#8221;left&#8221; background_image_as_pattern=&#8221;without_pattern&#8221; padding_top=&#8221;20&#8243; z_index=&#8221;&#8221; css=&#8221;.vc_custom_1549468892067{padding-top: 100px !important;padding-bottom: 20px !important;}&#8221;][vc_column width=&#8221;1\/2&#8243;][vc_column_text]<\/p>\n<h1>About me<\/h1>\n<p>[\/vc_column_text][vc_empty_space height=&#8221;10px&#8221;][\/vc_column][vc_column width=&#8221;1\/2&#8243;][\/vc_column][\/vc_row][vc_row css_animation=&#8221;&#8221; row_type=&#8221;row&#8221; use_row_as_full_screen_section=&#8221;no&#8221; type=&#8221;grid&#8221; angled_section=&#8221;no&#8221; text_align=&#8221;left&#8221; background_image_as_pattern=&#8221;without_pattern&#8221; z_index=&#8221;&#8221;][vc_column][vc_column_text]<\/p>\n<h3><span style=\"color: #4a99ba;\">Professional and academic trajectory<\/span><\/h3>\n<p>[\/vc_column_text][vc_empty_space height=&#8221;10px&#8221;][vc_column_text]<\/p>\n<p style=\"text-align: justify;\">Dr. Moya-Angeler obtained his medical degree at Navarra University medical school. He performed his residency in Orthopedic Surgery and Traumatology (via MIR) at FREMAP Hospital in Madrid.<\/p>\n<p>[\/vc_column_text][vc_empty_space height=&#8221;20px&#8221;][vc_column_text]<\/p>\n<p style=\"text-align: justify;\">Posteriorly he obtained a PhD with a European mention, graded as Cum Laude by unanimity, at Madrid Complutense University. After his training in Madrid, Joaquin performed three consecutive years of accredited training, by the USA accreditation council of graduate medical education (ACGME), at the United States of America: fellowship in metabolic bone diseases at Hospital for Special Surgery (HSS) (ranked best hospital in orthopedics and traumatology by the U. S News &amp; World Reports during nine consecutive years) in New York City, fellowship in Joint replacement (hip and knee joint replacement\/arthroplasty) at Lenox Hill Hospital in New York City, and a fellowship in Sports Medicine at Penn State Hershey Medical Centre in State College, Pennsylvania.<\/p>\n<p>[\/vc_column_text][vc_empty_space height=&#8221;20px&#8221;][vc_column_text]More recently, Joaquin, passed the EBOT (European board of orthopedics and traumatology) exam, and is therefore and accredited board-certified surgeon in his specialty.<\/p>\n<p>&nbsp;<\/p>\n<p>Dr. Moya-Angeler currently combines his academic position, as an attending surgeon at Arrixaca university hospital in Murcia, with his private practice in Murcia and Madrid. Joaquin nowadays also leads the medical services of the UCAM Murcia football club and closely collaborates with Soriano Trainers in the prevention and treatment of sports and musculoskeletal injuries.[\/vc_column_text][vc_empty_space height=&#8221;50px&#8221;][\/vc_column][\/vc_row][vc_row css_animation=&#8221;&#8221; row_type=&#8221;row&#8221; use_row_as_full_screen_section=&#8221;no&#8221; type=&#8221;grid&#8221; angled_section=&#8221;no&#8221; text_align=&#8221;left&#8221; background_image_as_pattern=&#8221;without_pattern&#8221; z_index=&#8221;&#8221;][vc_column width=&#8221;1\/2&#8243;][vc_single_image image=&#8221;614&#8243; img_size=&#8221;full&#8221; qode_css_animation=&#8221;&#8221;][\/vc_column][vc_column width=&#8221;1\/2&#8243;][vc_single_image image=&#8221;418&#8243; img_size=&#8221;full&#8221; qode_css_animation=&#8221;&#8221;][\/vc_column][\/vc_row][vc_row css_animation=&#8221;&#8221; row_type=&#8221;row&#8221; use_row_as_full_screen_section=&#8221;no&#8221; type=&#8221;grid&#8221; angled_section=&#8221;no&#8221; text_align=&#8221;left&#8221; background_image_as_pattern=&#8221;without_pattern&#8221; z_index=&#8221;&#8221;][vc_column][vc_empty_space height=&#8221;50px&#8221;][vc_column_text]<\/p>\n<h3><span style=\"color: #4a99ba;\">Scientific trajectory<\/span><\/h3>\n<p>[\/vc_column_text][vc_empty_space height=&#8221;10px&#8221;][vc_column_text]<\/p>\n<p style=\"text-align: justify;\">In the scientific field, Joaquin has participated as a speaker in national and international orthopedic meetings, including those of major relevance leaded by the Spanish, European and American societies: SECOT (Sociedad Espa\u00f1ola de Cirug\u00eda Ortop\u00e9dica y Traumatolog\u00eda), EFORT (European Federation of National Associations of Orthopedics and Traumatology) y AAOS (American Academy of Orthopedic Surgery) respectively. Likewise, Dr. Moya-Angeler has actively collaborated for the past five years with the SECOT congress scientific committee and moderated a table, about anterior cruciate ligament (ACL), at the 51st congress edition. During his last two years of training in Madrid, Joaquin actively participated as a member of the SECOT board of directors committee and was responsible for the development and coordination of all the academic activities for residents at a national level.<\/p>\n<p>[\/vc_column_text][vc_empty_space height=&#8221;20px&#8221;][vc_column_text]<\/p>\n<p style=\"text-align: justify;\">During his first year of post- residency training in the US (fellowship), at Hospital for Special Surgery in New York, Joaquin participated as a senior clinical associate in orthopedic surgery at Weill Cornell University Medical College. That same year, Joaquin collaborated as an author of the orthopedic knowledge update book (12th edition), which is, the U.S reference text book in orthopedics and traumatology and was published by the American academy of orthopedics and traumatology (AAOS) in 2017. During his second year of training in New York, Joaquin was awarded with the best fellow research project award among all the orthopedic fellows at Lenox Hill Hospital with the paper: \u201cIsolated polyethylene exchange with increased constraint is comparable to component revision TKA for instability\u201d. The same project was also awarded with the \u201cClinical Science Research Award 2016\u201d granted by the Feinstein Institute for Medical Research in New York.<\/p>\n<p>[\/vc_column_text][vc_empty_space height=&#8221;20px&#8221;][vc_column_text]<\/p>\n<p style=\"text-align: justify;\">Joaquin is currently a member of multiple orthopedic associations (SECOT, AAOS, AMA, AAHSKS, AAOSM), serves as a scientific reviewer and critiques articles for the US journal of arthroplasty (one of the reference journals worldwide about hip and knee replacement surgery) and is a member of the SLAOT (Sociedad Latino Americana de Ortopedia y Traumatolog\u00eda) journal editorial committee.<\/p>\n<p>[\/vc_column_text][vc_empty_space height=&#8221;20px&#8221;][\/vc_column][\/vc_row][vc_row css_animation=&#8221;&#8221; row_type=&#8221;row&#8221; use_row_as_full_screen_section=&#8221;no&#8221; type=&#8221;grid&#8221; angled_section=&#8221;no&#8221; text_align=&#8221;left&#8221; background_image_as_pattern=&#8221;without_pattern&#8221; z_index=&#8221;&#8221;][vc_column][vc_empty_space height=&#8221;50px&#8221;][vc_column_text]<\/p>\n<h3><a href=\"https:\/\/www.ncbi.nlm.nih.gov\/pubmed\/?term=moya+angeler%2C+joaquin\"><span style=\"color: #4a99ba;\">Scientific Publications <\/span><\/a><\/h3>\n<p>[\/vc_column_text][vc_empty_space height=&#8221;10px&#8221;][vc_column_text]<\/p>\n<p style=\"text-align: justify;\">Silberberg <strong>J.M, Moya-Angeler<\/strong> J, Mart\u00edn E, Leyes M, Forriol F. Vertical versus Horizontal Suture Configuration for the Repair of Isolated Type II Superior Labrum Anterior and Posterior (SLAP) Lesion through a single anterior portal. A Randomized Controlled Trial. Arthroscopy, 2011 Dec; 27(12): 1605-1613.<\/p>\n<p>[\/vc_column_text][vc_empty_space height=&#8221;30px&#8221;][vc_column_text]<\/p>\n<p style=\"text-align: justify;\">Whiting D, <strong>Moya-Angeler<\/strong> J, Sierra R. Iliopsoas Bursa-Hip Capsule Connection Leading to Intra-Abdominal Fluid Extravasation during Hip Arthroscopy. Orthopedics 2015 Nov;38(11):1055-8.<\/p>\n<p>[\/vc_column_text][vc_empty_space height=&#8221;30px&#8221;][vc_column_text]<\/p>\n<p style=\"text-align: justify;\">Fuentes A, <strong>Moya-Angeler<\/strong> J, L\u00f3pez Oliva F, Forriol F. Ankle arthrodesis. A clinical, imaging and biomechanical analysis in twenty patients. Foot Ankle International, 2012 Oct; 33(10): 819-827.<\/p>\n<p>[\/vc_column_text][vc_empty_space height=&#8221;30px&#8221;][vc_column_text]<\/p>\n<p style=\"text-align: justify;\"><strong>Moya-Angeler<\/strong> J, Zambrana L, Westrich G, Lane J. Periprosthesic Atypical Femoral Fracture post Total Hip Replacement in a patient with Osteoarthritis of the Hip and an Ipsilateral Lateral Cortical Femoral Thickening. Hip Int. 2016;23:212-20<\/p>\n<p>[\/vc_column_text][vc_empty_space height=&#8221;30px&#8221;][vc_column_text]<\/p>\n<p style=\"text-align: justify;\"><strong>Moya-Angeler<\/strong> J, Abril JC, Rodr\u00edguez I. Legg-Calv\u00e9-Perthes Disease: Role of Isolated Adductor Tenotomy. Eur J Orthop Surg Traumatol. 2013;23(8):921-5.<\/p>\n<p>[\/vc_column_text][vc_empty_space height=&#8221;30px&#8221;][vc_column_text]<\/p>\n<p style=\"text-align: justify;\"><strong>Moya-Angeler<\/strong> J, Vaquero J, Forriol F. Surgical induced models of joint degeneration in the ovine stifle: magnetic resonance imaging and histological assessment. Knee 2016 Mar;23(2):212-20.<\/p>\n<p>[\/vc_column_text][vc_empty_space height=&#8221;30px&#8221;][vc_column_text]<\/p>\n<p style=\"text-align: justify;\">Gianakos A, <strong>Moya-Angeler<\/strong> J, Cornell C, Lane J. The Efficacy of Bisphosphonates with Core Decompression and Mesenchymal Stem Cells Compared with Bisphosphonates Alone in the Treatment of Osteonecrosis of the Hip: A retrospective study. HSS J. 2016 Jul;12(2):137-44.<\/p>\n<p>[\/vc_column_text][vc_empty_space height=&#8221;30px&#8221;][vc_column_text]<\/p>\n<p style=\"text-align: justify;\"><strong>Moya-Angeler<\/strong> J, Bas M, Cooper HJ, Hepinstall MS, Rodr\u00edguez JA Scuderi GR. Revision arthroplasty for the management of stiffness after TKA. J Arthroplasty 2017 Jun;32(6):1935-1939.<\/p>\n<p>[\/vc_column_text][vc_empty_space height=&#8221;30px&#8221;][vc_column_text]<\/p>\n<p style=\"text-align: justify;\"><strong>Moya-Angeler<\/strong> J, J. Vaquero, F. Forriol. Evaluation of knee kinetics during gait, sprint and three hop tests before and after ACL reconstruction with semitendinosus gracilis autograft. J Orthop Traumatol. 2017 Jun;18(2):177-184.<\/p>\n<p>[\/vc_column_text][vc_empty_space height=&#8221;30px&#8221;][vc_column_text]<\/p>\n<p style=\"text-align: justify;\"><strong>Moya-Angeler<\/strong> J, Bas M, Cooper HJ, Hepinstall MS, Rodr\u00edguez JA Scuderi GR. Stiffness after primary TKA. A radiographic analysis with a matched control population. (Resident research award edition) Current Orthopedic Practice Journal 2017 July\/August;28(4):383-387<\/p>\n<p>[\/vc_column_text][vc_empty_space height=&#8221;30px&#8221;][vc_column_text]<\/p>\n<p style=\"text-align: justify;\">Cooper HJ, <strong>Moya-Angeler<\/strong> J, Hepinstall MS, Scuderi GR, Rodr\u00edguez JA. An algorithmic approach for the management of symptomatic instability after total knee arthroplasty. J Arthroplasty 2018 Sep;33(9):2946-2951.<\/p>\n<p>[\/vc_column_text][vc_empty_space height=&#8221;30px&#8221;][vc_column_text]<\/p>\n<p style=\"text-align: justify;\">Gianakos A, <strong>Moya-Angeler<\/strong> J, Sterling Haring R, Li, Greditzer, Lane J. X-Ray inadequate in the diagnosis of subchondral insufficiency fractures of the femoral head: utility of MRI to differentiate SIF from osteonecrosis and osteoarthritis to avoid THA. J Hip Surg 2018;02(01):47-53.<\/p>\n<p>[\/vc_column_text][vc_empty_space height=&#8221;30px&#8221;][vc_column_text]<\/p>\n<p style=\"text-align: justify;\"><strong>Moya-Angeler<\/strong> J, Gianakos A, Vila J, Ni A, Lane J. Current Concepts on Ostenecrosis of the Femoral Head. World J Orthop 2015 Sep 18; 6(8): 590-601.<\/p>\n<p>[\/vc_column_text][vc_empty_space height=&#8221;30px&#8221;][vc_column_text]<\/p>\n<p style=\"text-align: justify;\">Lane JM, <strong>Moya-Angeler<\/strong> J, Rodr\u00edguez JA. Metabolic bone disease and total hip replacement. What you need to know to prevent complications. November 2018 Edition of the American Academy of Orthopedic Surgeons Journal (JAAOS).<\/p>\n<p>[\/vc_column_text][vc_empty_space height=&#8221;30px&#8221;][vc_column_text]<\/p>\n<p style=\"text-align: justify;\"><strong>Moya-Angeler J<\/strong>, Mart\u00ednez de Albornoz P, Arroyo J, L\u00f3pez G, Forriol F. Plantar Support Pressures Analysis in Patients with an Anterior Cruciate Ligament Rupture. J Bone Joint Surg (Br), 2011 vol. 93-B. no. SUPP II 117-118<\/p>\n<p>[\/vc_column_text][vc_empty_space height=&#8221;30px&#8221;][vc_column_text]<\/p>\n<p style=\"text-align: justify;\">Ripoll P.L, de Prado M, Yelo J, <strong>Moya-Angeler J.<\/strong> Knee Resurfacing in Osteochondral Defects. Outcomes of a 6-years\u2019 Experience. Cuadernos de Artroscopia. Vol 17, fasc.1, n\u00ba 41, abril 2010<\/p>\n<p>[\/vc_column_text][vc_empty_space height=&#8221;30px&#8221;][vc_column_text]<\/p>\n<p style=\"text-align: justify;\">Tibial Tubercle-Trochlear Groove Distance Reliability, Group Differences, Accuracy, and Threshold for Instability by MRI. Vairo J, <strong>Moya-Angeler J.<\/strong> Accepted for publication in Clinical Orthopedics and Related Research (CORR).<\/p>\n<p>[\/vc_column_text][vc_empty_space height=&#8221;30px&#8221;][vc_column_text]<\/p>\n<p style=\"text-align: justify;\">Rebolledo B, <strong>Moya-Angeler J<\/strong>, Lane J. Bone and Calcium Metabolism. Orthopedic Knowledge Update 12 Ed. from the American Academy of Orthopedic Surgeons. Orthopedic Knowledge Update 12 Ed. from the American Academy of Orthopedic Surgeon.<\/p>\n<p>[\/vc_column_text][vc_empty_space height=&#8221;30px&#8221;][vc_column_text]Current concepts on osteonecrosis of the femoral head (2018, Diego Marin)<br \/>\nISBN 978-84-17514-15-0.<br \/>\n<strong>Joaqu\u00edn Moya-Angeler<\/strong>, Carlos de la Torre[\/vc_column_text][vc_empty_space height=&#8221;30px&#8221;][vc_column_text]Complex primary total hip replacement. (2018, Diego Mar\u00edn)<br \/>\nISBN 978-84-17514-02-0<br \/>\nJoaqu\u00edn Moya-Angeler, Carlos de la Torre[\/vc_column_text][vc_empty_space height=&#8221;30px&#8221;][vc_column_text]Stiffness after primary total knee replacement. (2018, Diego Mar\u00edn)<br \/>\nISBN 978-84-17514-16-7<br \/>\n<strong>Joaqu\u00edn Moya-Angeler<\/strong>, Carlos de la Torre[\/vc_column_text][vc_empty_space height=&#8221;30px&#8221;][vc_column_text]Valoraci\u00f3n de la degeneraci\u00f3n articular de rodilla mediante resonancia magn\u00e9tica. (2018, Diego Mar\u00edn)<br \/>\nISBN 978-84-17514-17-4<br \/>\n<strong>Joaqu\u00edn Moya-Angeler<\/strong>, Francisco Forriol, Javier Vaquero[\/vc_column_text][\/vc_column][\/vc_row][vc_row css_animation=&#8221;&#8221; row_type=&#8221;row&#8221; use_row_as_full_screen_section=&#8221;no&#8221; type=&#8221;grid&#8221; angled_section=&#8221;no&#8221; text_align=&#8221;center&#8221; background_image_as_pattern=&#8221;without_pattern&#8221; z_index=&#8221;&#8221;][vc_column][vc_separator type=&#8221;normal&#8221; transparency=&#8221;0&#8243; up=&#8221;25&#8243;][vc_column_text]<\/p>\n<h1 style=\"text-align: center;\">Curriculum vitae<\/h1>\n<p>[\/vc_column_text][vc_separator type=&#8221;normal&#8221; transparency=&#8221;0&#8243; up=&#8221;25&#8243;][vc_column_text]<\/p>\n<p style=\"text-align: center;\">Download:<\/p>\n<p>[\/vc_column_text][vc_single_image image=&#8221;482&#8243; img_size=&#8221;100&#215;99&#8243; alignment=&#8221;center&#8221; onclick=&#8221;custom_link&#8221; img_link_target=&#8221;_blank&#8221; qode_css_animation=&#8221;&#8221; link=&#8221;http:\/\/drmoyaangeler.com\/CV_ING_3_19.pdf&#8221;][vc_separator type=&#8221;normal&#8221; transparency=&#8221;0&#8243; up=&#8221;25&#8243;][\/vc_column][\/vc_row][vc_row css_animation=&#8221;&#8221; row_type=&#8221;row&#8221; use_row_as_full_screen_section=&#8221;no&#8221; type=&#8221;grid&#8221; angled_section=&#8221;no&#8221; text_align=&#8221;left&#8221; background_image_as_pattern=&#8221;without_pattern&#8221; padding_top=&#8221;60&#8243; z_index=&#8221;&#8221; css=&#8221;.vc_custom_1549451330738{background-color: #3899b9 !important;}&#8221;][vc_column][vc_separator type=&#8221;normal&#8221; transparency=&#8221;0&#8243; up=&#8221;25&#8243;][vc_row_inner row_type=&#8221;row&#8221; type=&#8221;full_width&#8221; text_align=&#8221;left&#8221; css_animation=&#8221;&#8221;][vc_column_inner][vc_column_text]<\/p>\n<h1 style=\"text-align: center;\"><span style=\"color: #ffffff;\">Associated hospitals<\/span><\/h1>\n<p>[\/vc_column_text][qode_clients columns=&#8221;six_columns&#8221; hover_effect=&#8221;switch_img&#8221; switch_effect=&#8221;switch_fade&#8221; disable_separators=&#8221;yes&#8221;][qode_client link_target=&#8221;_blank&#8221; image=&#8221;397&#8243; hover_image=&#8221;396&#8243; link=&#8221;http:\/\/www.ruberinternacional.es\/&#8221;][qode_client link_target=&#8221;_blank&#8221; image=&#8221;395&#8243; hover_image=&#8221;394&#8243; link=&#8221;http:\/\/www.hospitalrosario.es\/&#8221;][qode_client link_target=&#8221;_blank&#8221; image=&#8221;401&#8243; hover_image=&#8221;400&#8243; link=&#8221;https:\/\/www.vithas.es\/&#8221;][qode_client link_target=&#8221;_blank&#8221; image=&#8221;393&#8243; hover_image=&#8221;392&#8243; link=&#8221;https:\/\/www.quironsalud.es\/&#8221;][qode_client link_target=&#8221;_blank&#8221; image=&#8221;391&#8243; hover_image=&#8221;390&#8243; link=&#8221;https:\/\/www.mesadelcastillo.com\/&#8221;][qode_client link_target=&#8221;_blank&#8221; image=&#8221;1210&#8243; hover_image=&#8221;1212&#8243; link=&#8221;https:\/\/www.paralimpicos.es\/&#8221;][\/qode_clients][vc_empty_space][\/vc_column_inner][\/vc_row_inner][\/vc_column][\/vc_row]<\/p>\n<\/div>","protected":false},"excerpt":{"rendered":"<p>[vc_row css_animation=&#8221;&#8221; row_type=&#8221;row&#8221; use_row_as_full_screen_section=&#8221;no&#8221; type=&#8221;full_width&#8221; angled_section=&#8221;no&#8221; text_align=&#8221;left&#8221; background_image_as_pattern=&#8221;without_pattern&#8221;][vc_column][rev_slider_vc alias=&#8221;sobre-mi&#8221;][\/vc_column][\/vc_row][vc_row css_animation=&#8221;&#8221; row_type=&#8221;row&#8221; use_row_as_full_screen_section=&#8221;no&#8221; type=&#8221;grid&#8221; angled_section=&#8221;no&#8221; text_align=&#8221;left&#8221; background_image_as_pattern=&#8221;without_pattern&#8221; padding_top=&#8221;20&#8243; z_index=&#8221;&#8221; css=&#8221;.vc_custom_1549468892067{padding-top: 100px !important;padding-bottom: 20px !important;}&#8221;][vc_column width=&#8221;1\/2&#8243;][vc_column_text] About me [\/vc_column_text][vc_empty_space height=&#8221;10px&#8221;][\/vc_column][vc_column width=&#8221;1\/2&#8243;][\/vc_column][\/vc_row][vc_row css_animation=&#8221;&#8221; row_type=&#8221;row&#8221; use_row_as_full_screen_section=&#8221;no&#8221; type=&#8221;grid&#8221; angled_section=&#8221;no&#8221; text_align=&#8221;left&#8221; background_image_as_pattern=&#8221;without_pattern&#8221; z_index=&#8221;&#8221;][vc_column][vc_column_text] Professional and academic trajectory [\/vc_column_text][vc_empty_space height=&#8221;10px&#8221;][vc_column_text] Dr. Moya-Angeler&#8230;<\/p>\n","protected":false},"author":12,"featured_media":0,"parent":0,"menu_order":0,"comment_status":"closed","ping_status":"closed","template":"full_width.php","meta":{"_joinchat":[],"footnotes":""},"class_list":["post-750","page","type-page","status-publish","hentry"],"yoast_head":"<!-- This site is optimized with the Yoast SEO plugin v27.0 - https:\/\/yoast.com\/product\/yoast-seo-wordpress\/ -->\n<title>About me &#183; Joaquin Moya Angeler<\/title>\n<meta name=\"description\" content=\"Orthopedic Surgery and Traumatology, PhD with a European mention, graded as Cum Laude\" \/>\n<meta name=\"robots\" content=\"index, follow, max-snippet:-1, max-image-preview:large, max-video-preview:-1\" \/>\n<link rel=\"canonical\" href=\"https:\/\/drmoyaangeler.com\/en\/about-me\/\" \/>\n<meta property=\"og:locale\" content=\"en_US\" \/>\n<meta property=\"og:type\" content=\"article\" \/>\n<meta property=\"og:title\" content=\"About me &#183; Joaquin Moya Angeler\" \/>\n<meta property=\"og:description\" content=\"Orthopedic Surgery and Traumatology, PhD with a European mention, graded as Cum Laude\" \/>\n<meta property=\"og:url\" content=\"https:\/\/drmoyaangeler.com\/en\/about-me\/\" \/>\n<meta property=\"og:site_name\" content=\"Joaquin Moya Angeler\" \/>\n<meta property=\"article:modified_time\" content=\"2020-07-07T10:57:26+00:00\" \/>\n<meta name=\"twitter:card\" content=\"summary_large_image\" \/>\n<meta name=\"twitter:label1\" content=\"Est. reading time\" \/>\n\t<meta name=\"twitter:data1\" content=\"11 minutes\" \/>\n<script type=\"application\/ld+json\" class=\"yoast-schema-graph\">{\"@context\":\"https:\/\/schema.org\",\"@graph\":[{\"@type\":\"WebPage\",\"@id\":\"https:\/\/drmoyaangeler.com\/en\/about-me\/\",\"url\":\"https:\/\/drmoyaangeler.com\/en\/about-me\/\",\"name\":\"About me &#183; Joaquin Moya Angeler\",\"isPartOf\":{\"@id\":\"https:\/\/drmoyaangeler.com\/#website\"},\"datePublished\":\"2018-02-08T14:07:07+00:00\",\"dateModified\":\"2020-07-07T10:57:26+00:00\",\"description\":\"Orthopedic Surgery and Traumatology, PhD with a European mention, graded as Cum Laude\",\"breadcrumb\":{\"@id\":\"https:\/\/drmoyaangeler.com\/en\/about-me\/#breadcrumb\"},\"inLanguage\":\"en-US\",\"potentialAction\":[{\"@type\":\"ReadAction\",\"target\":[\"https:\/\/drmoyaangeler.com\/en\/about-me\/\"]}]},{\"@type\":\"BreadcrumbList\",\"@id\":\"https:\/\/drmoyaangeler.com\/en\/about-me\/#breadcrumb\",\"itemListElement\":[{\"@type\":\"ListItem\",\"position\":1,\"name\":\"Portada\",\"item\":\"https:\/\/drmoyaangeler.com\/en\/\"},{\"@type\":\"ListItem\",\"position\":2,\"name\":\"About me\"}]},{\"@type\":\"WebSite\",\"@id\":\"https:\/\/drmoyaangeler.com\/#website\",\"url\":\"https:\/\/drmoyaangeler.com\/\",\"name\":\"Joaquin Moya Angeler\",\"description\":\"Orthopedic Surgery and Sports Medicine\",\"publisher\":{\"@id\":\"https:\/\/drmoyaangeler.com\/#organization\"},\"potentialAction\":[{\"@type\":\"SearchAction\",\"target\":{\"@type\":\"EntryPoint\",\"urlTemplate\":\"https:\/\/drmoyaangeler.com\/?s={search_term_string}\"},\"query-input\":{\"@type\":\"PropertyValueSpecification\",\"valueRequired\":true,\"valueName\":\"search_term_string\"}}],\"inLanguage\":\"en-US\"},{\"@type\":\"Organization\",\"@id\":\"https:\/\/drmoyaangeler.com\/#organization\",\"name\":\"Joaquin Moya Angeler\",\"url\":\"https:\/\/drmoyaangeler.com\/\",\"logo\":{\"@type\":\"ImageObject\",\"inLanguage\":\"en-US\",\"@id\":\"https:\/\/drmoyaangeler.com\/#\/schema\/logo\/image\/\",\"url\":\"https:\/\/drmoyaangeler.com\/wp-content\/uploads\/2019\/02\/logo.png\",\"contentUrl\":\"https:\/\/drmoyaangeler.com\/wp-content\/uploads\/2019\/02\/logo.png\",\"width\":500,\"height\":166,\"caption\":\"Joaquin Moya Angeler\"},\"image\":{\"@id\":\"https:\/\/drmoyaangeler.com\/#\/schema\/logo\/image\/\"}}]}<\/script>\n<!-- \/ Yoast SEO plugin. -->","yoast_head_json":{"title":"About me &#183; Joaquin Moya Angeler","description":"Orthopedic Surgery and Traumatology, PhD with a European mention, graded as Cum Laude","robots":{"index":"index","follow":"follow","max-snippet":"max-snippet:-1","max-image-preview":"max-image-preview:large","max-video-preview":"max-video-preview:-1"},"canonical":"https:\/\/drmoyaangeler.com\/en\/about-me\/","og_locale":"en_US","og_type":"article","og_title":"About me &#183; Joaquin Moya Angeler","og_description":"Orthopedic Surgery and Traumatology, PhD with a European mention, graded as Cum Laude","og_url":"https:\/\/drmoyaangeler.com\/en\/about-me\/","og_site_name":"Joaquin Moya Angeler","article_modified_time":"2020-07-07T10:57:26+00:00","twitter_card":"summary_large_image","twitter_misc":{"Est. reading time":"11 minutes"},"schema":{"@context":"https:\/\/schema.org","@graph":[{"@type":"WebPage","@id":"https:\/\/drmoyaangeler.com\/en\/about-me\/","url":"https:\/\/drmoyaangeler.com\/en\/about-me\/","name":"About me &#183; Joaquin Moya Angeler","isPartOf":{"@id":"https:\/\/drmoyaangeler.com\/#website"},"datePublished":"2018-02-08T14:07:07+00:00","dateModified":"2020-07-07T10:57:26+00:00","description":"Orthopedic Surgery and Traumatology, PhD with a European mention, graded as Cum Laude","breadcrumb":{"@id":"https:\/\/drmoyaangeler.com\/en\/about-me\/#breadcrumb"},"inLanguage":"en-US","potentialAction":[{"@type":"ReadAction","target":["https:\/\/drmoyaangeler.com\/en\/about-me\/"]}]},{"@type":"BreadcrumbList","@id":"https:\/\/drmoyaangeler.com\/en\/about-me\/#breadcrumb","itemListElement":[{"@type":"ListItem","position":1,"name":"Portada","item":"https:\/\/drmoyaangeler.com\/en\/"},{"@type":"ListItem","position":2,"name":"About me"}]},{"@type":"WebSite","@id":"https:\/\/drmoyaangeler.com\/#website","url":"https:\/\/drmoyaangeler.com\/","name":"Joaquin Moya Angeler","description":"Orthopedic Surgery and Sports Medicine","publisher":{"@id":"https:\/\/drmoyaangeler.com\/#organization"},"potentialAction":[{"@type":"SearchAction","target":{"@type":"EntryPoint","urlTemplate":"https:\/\/drmoyaangeler.com\/?s={search_term_string}"},"query-input":{"@type":"PropertyValueSpecification","valueRequired":true,"valueName":"search_term_string"}}],"inLanguage":"en-US"},{"@type":"Organization","@id":"https:\/\/drmoyaangeler.com\/#organization","name":"Joaquin Moya Angeler","url":"https:\/\/drmoyaangeler.com\/","logo":{"@type":"ImageObject","inLanguage":"en-US","@id":"https:\/\/drmoyaangeler.com\/#\/schema\/logo\/image\/","url":"https:\/\/drmoyaangeler.com\/wp-content\/uploads\/2019\/02\/logo.png","contentUrl":"https:\/\/drmoyaangeler.com\/wp-content\/uploads\/2019\/02\/logo.png","width":500,"height":166,"caption":"Joaquin Moya Angeler"},"image":{"@id":"https:\/\/drmoyaangeler.com\/#\/schema\/logo\/image\/"}}]}},"_links":{"self":[{"href":"https:\/\/drmoyaangeler.com\/en\/wp-json\/wp\/v2\/pages\/750","targetHints":{"allow":["GET"]}}],"collection":[{"href":"https:\/\/drmoyaangeler.com\/en\/wp-json\/wp\/v2\/pages"}],"about":[{"href":"https:\/\/drmoyaangeler.com\/en\/wp-json\/wp\/v2\/types\/page"}],"author":[{"embeddable":true,"href":"https:\/\/drmoyaangeler.com\/en\/wp-json\/wp\/v2\/users\/12"}],"replies":[{"embeddable":true,"href":"https:\/\/drmoyaangeler.com\/en\/wp-json\/wp\/v2\/comments?post=750"}],"version-history":[{"count":0,"href":"https:\/\/drmoyaangeler.com\/en\/wp-json\/wp\/v2\/pages\/750\/revisions"}],"wp:attachment":[{"href":"https:\/\/drmoyaangeler.com\/en\/wp-json\/wp\/v2\/media?parent=750"}],"curies":[{"name":"wp","href":"https:\/\/api.w.org\/{rel}","templated":true}]}}